{"id":154,"date":"2026-02-08T19:46:06","date_gmt":"2026-02-08T19:46:06","guid":{"rendered":"https:\/\/www.akdenizcankurtarma.org\/?page_id=154"},"modified":"2026-03-22T15:14:27","modified_gmt":"2026-03-22T15:14:27","slug":"gerekli-bilgiler","status":"publish","type":"page","link":"https:\/\/www.akdenizcankurtarma.org\/?page_id=154","title":{"rendered":"Gerekli Bilgiler"},"content":{"rendered":"<p class=\"p1\"><b>Akdeniz<span class=\"Apple-converted-space\">\u00a0 <\/span>Cankurtaran Merkezi<span class=\"Apple-converted-space\">\u00a0 <\/span>\u2013 Cankurtaranl\u0131k ve kurslar i\u00e7in gerekli bilgiler.<\/b><\/p>\n<p class=\"p1\"><b>Cankurtaran e\u011fitimlerimiz nerede yap\u0131l\u0131yor?<\/b><\/p>\n<p class=\"p1\">Cankurtaran e\u011fitimlerimiz genelde Antalya \u2013 Kemer \u2013 Tekirova ve Kumluca b\u00f6lgelerinde yap\u0131lmaktad\u0131r. T\u00fcrkiye Sualt\u0131 sporlar\u0131 federasyonunun standartlar\u0131nda uygun e\u011fitim alanlar\u0131nda ger\u00e7ekle\u015ftirilmektedir. T\u00fcm e\u011fitimler hem teorik hem pratik uygulamal\u0131 olarak yap\u0131l\u0131r.<\/p>\n<p class=\"p1\">Hangi cankurtaran belgelerini alabilirim?<\/p>\n<p class=\"p1\">Kurslar\u0131m\u0131z\u0131 ba\u015far\u0131yla tamamlayan adaylar:<\/p>\n<ul class=\"ul1\">\n<li class=\"li1\">Bronz Cankurtaran : Sadece havuzda ve aquaparklarda g\u00f6rev yapabilir g\u00f6rev yapabilir.<\/li>\n<li class=\"li1\">G\u00fcm\u00fc\u015f Cankurtaran : Sahilde , denizlerde,g\u00f6letlerde ve 3 mt den derin havuzlarda g\u00f6rev yapabilir<\/li>\n<li class=\"li1\">Alt\u0131n Cankurtaran<span class=\"Apple-converted-space\">\u00a0 <\/span>: A\u00e7\u0131k denizlerde ve \u015fef cankurtaran olarak g\u00f6rev yapabilir.<br \/>\nsertifikalar\u0131na sahip olabilir.<\/li>\n<\/ul>\n<p class=\"p1\"><b>Cankurtaran kursuna nas\u0131l kay\u0131t olabilirim?<\/b><\/p>\n<p class=\"p1\">Kay\u0131t i\u015flemleri i\u00e7in web sitemizin deki linkten online ba\u015fvuru yapabilir veya telefonla bizimle ileti\u015fime ge\u00e7ebilirsiniz. G\u00fcncel kurs tarihleri ve kay\u0131t \u015fartlar\u0131 taraf\u0131n\u0131za iletilir.<\/p>\n<p class=\"p1\"><b>Cankurtaranl\u0131k sertifikas\u0131 nas\u0131l al\u0131n\u0131r?<\/b><\/p>\n<p class=\"p1\">Yetkili kurumlar taraf\u0131ndan d\u00fczenlenen cankurtaran kurslar\u0131na kat\u0131larak ve e\u011fitimleri ba\u015far\u0131yla tamamlayarak sertifika alabilirsiniz.<br \/>\nKurumumuzdan sertifika almak i\u00e7in ileti\u015fim kanallar\u0131m\u0131zdan hemen ba\u015fvurabilirsiniz.<\/p>\n<p class=\"p1\"><b>Cankurtaran olmak i\u00e7in fiziksel \u015fartlar nelerdir?<\/b><\/p>\n<p class=\"p1\">Cankurtaran adaylar\u0131nda:<\/p>\n<ul class=\"ul1\">\n<li class=\"li1\">\u0130yi derecede y\u00fczme becerisi<\/li>\n<li class=\"li1\">Fiziksel dayan\u0131kl\u0131l\u0131k<br \/>\naran\u0131r. E\u011fitim \u00f6ncesinde veya s\u0131ras\u0131nda y\u00fczme yeterlili\u011fi de\u011ferlendirmesi yap\u0131labilir.<\/li>\n<\/ul>\n<p class=\"p1\"><b>Cankurtaran maa\u015flar\u0131 neye g\u00f6re belirlenir?<\/b><\/p>\n<p class=\"p1\">Cankurtaran maa\u015flar\u0131;<\/p>\n<ul class=\"ul1\">\n<li class=\"li1\">\u00c7al\u0131\u015f\u0131lan tesis t\u00fcr\u00fcne<\/li>\n<li class=\"li1\">Deneyime<\/li>\n<li class=\"li1\">Sertifika seviyesine<\/li>\n<li class=\"li1\">Sezon s\u00fcresine<br \/>\ng\u00f6re de\u011fi\u015fiklik g\u00f6stermektedir. Antalya b\u00f6lgesinde sezonluk \u00e7al\u0131\u015fma yayg\u0131nd\u0131r.<\/li>\n<\/ul>\n<p class=\"p1\"><b>Cankurtaranlar nerelerde \u00e7al\u0131\u015fabilir?<\/b><\/p>\n<p class=\"p1\">Cankurtaranlar;<\/p>\n<ul class=\"ul1\">\n<li class=\"li1\">Plajlar<\/li>\n<li class=\"li1\">Oteller<\/li>\n<li class=\"li1\">Aquaparklar<\/li>\n<li class=\"li1\">Y\u00fczme havuzlar\u0131<\/li>\n<li class=\"li1\">Belediyeler ve su sporlar\u0131 merkezlerinde<br \/>\n\u00e7al\u0131\u015fma imk\u00e2n\u0131 bulabilir.<\/li>\n<\/ul>\n<p class=\"p1\"><b>Cankurtaran e\u011fitimi neleri kapsar?<\/b><\/p>\n<p class=\"p1\">E\u011fitim program\u0131m\u0131z a\u015fa\u011f\u0131daki ba\u015fl\u0131klardan olu\u015fur:<\/p>\n<ul class=\"ul2\">\n<li class=\"li1\">Suda g\u00fcvenlik ve risk de\u011ferlendirmesi<\/li>\n<li class=\"li1\">Bo\u011fulma vakalar\u0131na m\u00fcdahale teknikleri<\/li>\n<li class=\"li1\">Kurtarma y\u00f6ntemleri<\/li>\n<li class=\"li1\">\u0130lk yard\u0131m, CPR ve ya\u015fam deste\u011fi<\/li>\n<li class=\"li1\">Cankurtaran ekipmanlar\u0131n\u0131n kullan\u0131m\u0131<\/li>\n<li class=\"li1\">\u0130leti\u015fim ve ekip \u00e7al\u0131\u015fmas\u0131<\/li>\n<li class=\"li1\">Havuz ve a\u00e7\u0131k su uygulamalar\u0131<\/li>\n<\/ul>\n<p class=\"p4\"><b>Cankurtaran kursuna kat\u0131lmak i\u00e7in ne derece y\u00fczme bilmeliyim?<\/b><\/p>\n<p class=\"p5\">Kursa kat\u0131l\u0131m ko\u015fullar\u0131nda her seviye (bronz, g\u00fcm\u00fc\u015f, alt\u0131n) i\u00e7in uygulanmas\u0131 zorunlu olan mesafe ve beceriler a\u00e7\u0131klanm\u0131\u015ft\u0131r. Cankurtaran kurslar\u0131 iyi derecede y\u00fczme bilen cankurtaran aday\u0131na kurtarma becerilerinin \u00f6\u011fretilmesi ile ilgili \u00e7al\u0131\u015fmalar\u0131 i\u00e7erir. Y\u00fczme konusunda yetersiz olan adaylar okulumuzun y\u00fczme kurslar\u0131na ba\u015fvurarak cankurtaran olmaya y\u00f6nelik y\u00fczme e\u011fitimlerinden yararlanabilir.<\/p>\n<p class=\"p4\"><b>Verilen belgenin \u00f6zel ve resmi kurumlarda ge\u00e7erlili\u011fi nedir?<\/b><\/p>\n<p class=\"p5\">T\u00fcrkiye Sualt\u0131 Sporlar\u0131 Federasyonu taraf\u0131ndan d\u00fczenlenen cankurtaran belgeleri T\u00fcrkiye\u2019de \u00f6zel ve resmi kurumlarda ge\u00e7erli tek belgedir. Bu belge T\u00fcrkiye\u2019de TSSF\u2019den ba\u015fka hi\u00e7bir kurum taraf\u0131ndan verilememektedir?<\/p>\n<p class=\"p4\"><b>Cankurtaran belgeleri uluslararas\u0131 ge\u00e7erlili\u011fe sahip midir?<\/b><\/p>\n<p class=\"p5\">TSSF taraf\u0131ndan verilen cankurtaran e\u011fitimleri Uluslararas\u0131 Cankurtaran Federasyonu (International Life Saving Federation) standartlar\u0131nda verilmektedir. Verilen belgelerin uluslararas\u0131 ge\u00e7erlili\u011fi vard\u0131r.<\/p>\n<p class=\"p4\"><b>Cankurtaran kursu ka\u00e7 g\u00fcn \/ka\u00e7 saat s\u00fcrer?<\/b><\/p>\n<p class=\"p5\">&#8211; Bronz cankurtaran e\u011fitimi s\u00fcresi en az \u00fc\u00e7 en fazla d\u00f6rt g\u00fcn olup, m\u00fcfredat toplam 21 saattir. 21 saatlik dersin 13 saati dershane ortam\u0131nda teorik ve dershanede pratik, 8 Saati havuzda (su i\u00e7inde) pratik olmak zorundad\u0131r.<\/p>\n<p class=\"p5\">&#8211; G\u00fcm\u00fc\u015f cankurtaran e\u011fitimi s\u00fcresi en az \u00fc\u00e7 en fazla d\u00f6rt g\u00fcn olup, m\u00fcfredat 21 saattir. 21 saatlik dersin 13 saati dershane ortam\u0131nda teorik ve dershanede pratik, s saati denizde (su i\u00e7inde) pratik olmak zorundad\u0131r.<\/p>\n<p class=\"p5\">&#8211; Birbirini takip eden bronz ve g\u00fcm\u00fc\u015f cankurtaran e\u011fitimlerine kat\u0131lan kursiyerin e\u011fitim s\u00fcresi en az 5 g\u00fcn olup, toplam 35 saattir. Birbirini takip eden bronz ve g\u00fcm\u00fc\u015f cankurtaran e\u011fitimlerinde g\u00fcm\u00fc\u015f cankurtaran e\u011fitimine ilave 14 saat e\u011fitimin 6 saati dershane ortam\u0131nda teorik ve dershanede pratik, 8 saati denizde (su i\u00e7inde) olmak zorundad\u0131r.<\/p>\n<p class=\"p5\">&#8211; Alt\u0131n cankurtaran e\u011fitimi s\u00fcresi toplam en az d\u00f6rt en fazla be\u015f g\u00fcn olup, m\u00fcfredat 28 saattir. 28 saatlik dersin 21 saati dershane ortam\u0131nda teorik ve dershanede pratik, 7 saati denizde (su i\u00e7i) pratik olmak zorundad\u0131r.<\/p>\n<p class=\"p4\"><b>Cankurtaran belgesinin ge\u00e7erlilik s\u00fcresi var m\u0131d\u0131r?<\/b><\/p>\n<p class=\"p5\">&#8211; Verilen cankurtaran belgeleri 2 y\u0131l ge\u00e7erlidir. 2 y\u0131l dolduktan sonra 6 ay i\u00e7inde bir cankurtaran e\u011fitim merkezine ba\u015fvurup bilgi, beceri kontrol\u00fcnden sonra belgenizi yeniletebilir ya da beceri \u015fartlar\u0131n\u0131 sa\u011fl\u0131yorsan\u0131z bir \u00fcst seviye cankurtaran kursu alarak yenilemeye gerek duyulmadan hem belge seviyenizi y\u00fckseltmi\u015f hem de iki y\u0131l ge\u00e7erli yeni bir belge alm\u0131\u015f olursunuz.<\/p>\n<p class=\"p5\">&#8211; Belgenizi ald\u0131ktan sonra 2 y\u0131l 6 ay i\u00e7inde yenileme yapt\u0131rmaz veya yeni bir kursa kat\u0131lmam\u0131\u015f olursan\u0131z elinizdeki belgenin yenileme hakk\u0131n\u0131 kaybetmi\u015f olursunuz. Bu durumda ayn\u0131 seviyede bir cankurtaran kursuna tekrar kat\u0131lmak gerekmektedir.<\/p>\n","protected":false},"excerpt":{"rendered":"<p>Akdeniz\u00a0 Cankurtaran Merkezi\u00a0 \u2013 Cankurtaranl\u0131k ve kurslar i\u00e7in gerekli bilgiler. Cankurtaran e\u011fitimlerimiz nerede yap\u0131l\u0131yor? Cankurtaran e\u011fitimlerimiz genelde Antalya \u2013 Kemer \u2013 Tekirova ve Kumluca b\u00f6lgelerinde yap\u0131lmaktad\u0131r. T\u00fcrkiye Sualt\u0131 sporlar\u0131 federasyonunun standartlar\u0131nda uygun e\u011fitim alanlar\u0131nda ger\u00e7ekle\u015ftirilmektedir. T\u00fcm e\u011fitimler hem teorik hem pratik uygulamal\u0131 olarak yap\u0131l\u0131r. Hangi cankurtaran belgelerini alabilirim? Kurslar\u0131m\u0131z\u0131 ba\u015far\u0131yla tamamlayan adaylar: Bronz Cankurtaran : [&hellip;]<\/p>\n","protected":false},"author":1,"featured_media":155,"parent":0,"menu_order":0,"comment_status":"closed","ping_status":"closed","template":"","meta":{"footnotes":""},"class_list":["post-154","page","type-page","status-publish","has-post-thumbnail","hentry"],"_links":{"self":[{"href":"https:\/\/www.akdenizcankurtarma.org\/index.php?rest_route=\/wp\/v2\/pages\/154","targetHints":{"allow":["GET"]}}],"collection":[{"href":"https:\/\/www.akdenizcankurtarma.org\/index.php?rest_route=\/wp\/v2\/pages"}],"about":[{"href":"https:\/\/www.akdenizcankurtarma.org\/index.php?rest_route=\/wp\/v2\/types\/page"}],"author":[{"embeddable":true,"href":"https:\/\/www.akdenizcankurtarma.org\/index.php?rest_route=\/wp\/v2\/users\/1"}],"replies":[{"embeddable":true,"href":"https:\/\/www.akdenizcankurtarma.org\/index.php?rest_route=%2Fwp%2Fv2%2Fcomments&post=154"}],"version-history":[{"count":4,"href":"https:\/\/www.akdenizcankurtarma.org\/index.php?rest_route=\/wp\/v2\/pages\/154\/revisions"}],"predecessor-version":[{"id":350,"href":"https:\/\/www.akdenizcankurtarma.org\/index.php?rest_route=\/wp\/v2\/pages\/154\/revisions\/350"}],"wp:featuredmedia":[{"embeddable":true,"href":"https:\/\/www.akdenizcankurtarma.org\/index.php?rest_route=\/wp\/v2\/media\/155"}],"wp:attachment":[{"href":"https:\/\/www.akdenizcankurtarma.org\/index.php?rest_route=%2Fwp%2Fv2%2Fmedia&parent=154"}],"curies":[{"name":"wp","href":"https:\/\/api.w.org\/{rel}","templated":true}]}}