{"id":246,"date":"2026-02-10T12:25:24","date_gmt":"2026-02-10T12:25:24","guid":{"rendered":"https:\/\/www.akdenizcankurtarma.org\/?page_id=246"},"modified":"2026-02-10T18:24:42","modified_gmt":"2026-02-10T18:24:42","slug":"tssf-onayli-resmi-egitimler","status":"publish","type":"page","link":"https:\/\/www.akdenizcankurtarma.org\/?page_id=246","title":{"rendered":"TSSF Onayl\u0131 Resmi E\u011fitimler"},"content":{"rendered":"<p class=\"p1\">\u00dclkemizde cankurtaran e\u011fitimi verme yetkisine sahip <b>tek resmi kurulu\u015f olan TSSF<\/b> onayl\u0131 sertifikal\u0131 kurslar sunuyoruz.<\/p>\n<p class=\"p1\"><b> CANKURTARAN SEV\u0130YELER\u0130<\/b><\/p>\n<p><strong>Bronz Cankurtaran &#8211; <\/strong>Havuz ve Aquaparklarda.<\/p>\n<p><img loading=\"lazy\" decoding=\"async\" class=\"alignnone size-medium wp-image-324\" src=\"http:\/\/www.akdenizcankurtarma.org\/wp-content\/uploads\/2026\/02\/PHOTO-2026-02-10-20-43-25-300x188.jpg\" alt=\"\" width=\"300\" height=\"188\" srcset=\"https:\/\/www.akdenizcankurtarma.org\/wp-content\/uploads\/2026\/02\/PHOTO-2026-02-10-20-43-25-300x188.jpg 300w, https:\/\/www.akdenizcankurtarma.org\/wp-content\/uploads\/2026\/02\/PHOTO-2026-02-10-20-43-25.jpg 633w\" sizes=\"auto, (max-width: 300px) 100vw, 300px\" \/><\/p>\n<p><strong>G\u00fcm\u00fc\u015f Cankurtaran &#8211;<\/strong> Deniz, g\u00f6l ve yapay i\u00e7 sularda. 3 Metre ve daha derin Havuzlarda<\/p>\n<p><img loading=\"lazy\" decoding=\"async\" class=\"alignnone size-medium wp-image-248\" src=\"http:\/\/www.akdenizcankurtarma.org\/wp-content\/uploads\/2026\/02\/Cankurtaran-belgesi-Gumus-300x188.jpg\" alt=\"\" width=\"300\" height=\"188\" srcset=\"https:\/\/www.akdenizcankurtarma.org\/wp-content\/uploads\/2026\/02\/Cankurtaran-belgesi-Gumus-300x188.jpg 300w, https:\/\/www.akdenizcankurtarma.org\/wp-content\/uploads\/2026\/02\/Cankurtaran-belgesi-Gumus.jpg 633w\" sizes=\"auto, (max-width: 300px) 100vw, 300px\" \/><\/p>\n<p><strong>Alt\u0131n Cankurtaran &#8211;<\/strong> \u015eef Cankurtaran<\/p>\n<p><img loading=\"lazy\" decoding=\"async\" class=\"alignnone size-medium wp-image-249\" src=\"http:\/\/www.akdenizcankurtarma.org\/wp-content\/uploads\/2026\/02\/Cankurtaran-belgesi-Altin-300x188.jpg\" alt=\"\" width=\"300\" height=\"188\" srcset=\"https:\/\/www.akdenizcankurtarma.org\/wp-content\/uploads\/2026\/02\/Cankurtaran-belgesi-Altin-300x188.jpg 300w, https:\/\/www.akdenizcankurtarma.org\/wp-content\/uploads\/2026\/02\/Cankurtaran-belgesi-Altin.jpg 633w\" sizes=\"auto, (max-width: 300px) 100vw, 300px\" \/><\/p>\n<p>&nbsp;<\/p>\n<p>&nbsp;<\/p>\n<p>&nbsp;<\/p>\n","protected":false},"excerpt":{"rendered":"<p>\u00dclkemizde cankurtaran e\u011fitimi verme yetkisine sahip tek resmi kurulu\u015f olan TSSF onayl\u0131 sertifikal\u0131 kurslar sunuyoruz. CANKURTARAN SEV\u0130YELER\u0130 Bronz Cankurtaran &#8211; Havuz ve Aquaparklarda. G\u00fcm\u00fc\u015f Cankurtaran &#8211; Deniz, g\u00f6l ve yapay i\u00e7 sularda. 3 Metre ve daha derin Havuzlarda Alt\u0131n Cankurtaran &#8211; \u015eef Cankurtaran &nbsp; &nbsp; &nbsp;<\/p>\n","protected":false},"author":1,"featured_media":251,"parent":0,"menu_order":0,"comment_status":"closed","ping_status":"closed","template":"","meta":{"footnotes":""},"class_list":["post-246","page","type-page","status-publish","has-post-thumbnail","hentry"],"_links":{"self":[{"href":"https:\/\/www.akdenizcankurtarma.org\/index.php?rest_route=\/wp\/v2\/pages\/246","targetHints":{"allow":["GET"]}}],"collection":[{"href":"https:\/\/www.akdenizcankurtarma.org\/index.php?rest_route=\/wp\/v2\/pages"}],"about":[{"href":"https:\/\/www.akdenizcankurtarma.org\/index.php?rest_route=\/wp\/v2\/types\/page"}],"author":[{"embeddable":true,"href":"https:\/\/www.akdenizcankurtarma.org\/index.php?rest_route=\/wp\/v2\/users\/1"}],"replies":[{"embeddable":true,"href":"https:\/\/www.akdenizcankurtarma.org\/index.php?rest_route=%2Fwp%2Fv2%2Fcomments&post=246"}],"version-history":[{"count":3,"href":"https:\/\/www.akdenizcankurtarma.org\/index.php?rest_route=\/wp\/v2\/pages\/246\/revisions"}],"predecessor-version":[{"id":325,"href":"https:\/\/www.akdenizcankurtarma.org\/index.php?rest_route=\/wp\/v2\/pages\/246\/revisions\/325"}],"wp:featuredmedia":[{"embeddable":true,"href":"https:\/\/www.akdenizcankurtarma.org\/index.php?rest_route=\/wp\/v2\/media\/251"}],"wp:attachment":[{"href":"https:\/\/www.akdenizcankurtarma.org\/index.php?rest_route=%2Fwp%2Fv2%2Fmedia&parent=246"}],"curies":[{"name":"wp","href":"https:\/\/api.w.org\/{rel}","templated":true}]}}