{"id":80,"date":"2026-02-08T17:16:39","date_gmt":"2026-02-08T17:16:39","guid":{"rendered":"https:\/\/www.akdenizcankurtarma.org\/?page_id=80"},"modified":"2026-02-08T19:29:12","modified_gmt":"2026-02-08T19:29:12","slug":"hakkimizda","status":"publish","type":"page","link":"https:\/\/www.akdenizcankurtarma.org\/?page_id=80","title":{"rendered":"HAKKIMIZDA"},"content":{"rendered":"<h5>Merkezimizde g\u00f6rev hali haz\u0131rda g\u00f6rev yapan Cankurtaran e\u011fitmenleri ve \u00f6z ge\u00e7mi\u015fleri<\/h5>\n<p><img loading=\"lazy\" decoding=\"async\" class=\"alignnone size-thumbnail wp-image-121\" src=\"http:\/\/www.akdenizcankurtarma.org\/wp-content\/uploads\/2026\/02\/WhatsApp-Image-2026-02-08-at-21.30.48-1-150x150.jpeg\" alt=\"\" width=\"150\" height=\"150\" \/><\/p>\n<p>ADNAN B\u00dcY\u00dcK \u2013 Alt\u0131n Cankurtaran e\u011fitmen Akdeniz Cankurtarma Merkezi Kurucus<\/p>\n<p>1963 y\u0131l\u0131nda \u0130stanbul\u2019da do\u011fan Adnan B\u00fcy\u00fck, Anadolu \u00dcniversitesi \u0130\u015fletme B\u00f6l\u00fcm\u00fc\u2019nden mezun oldu. 1982 y\u0131l\u0131nda \u0130stanbul T\u00fcrkiye Bal\u0131kadamlar Kul\u00fcb\u00fc\u2019nde t\u00fcpl\u00fc dal\u0131\u015fa ba\u015flayan B\u00fcy\u00fck, 1985 y\u0131l\u0131na kadar TBK\u2019da e\u011fitim g\u00f6rd\u00fckten sonra \u00dc\u00e7 Y\u0131ld\u0131z Dal\u0131c\u0131 oldu. 1987\u2019de sualt\u0131 federasyonunun verdi\u011fi izinle rehber bal\u0131kadam unvan\u0131n\u0131 alan B\u00fcy\u00fck, 1988 ise CMAS 2 y\u0131ld\u0131z Dal\u0131\u015f E\u011fitmeni olmu\u015ftur. 1992 y\u0131l\u0131nda Barakuda VDST-Almanya Sualt\u0131 Federasyonu\u2019nda g\u00fcm\u00fc\u015f, 1995\u2019te ise 3 Y\u0131ld\u0131z Dal\u0131\u015f E\u011fitmeni olduktan sonra, 1996 y\u0131l\u0131nda NAUI\u2019ye kat\u0131lm\u0131\u015f, 1997 y\u0131l\u0131nda ayn\u0131 kurumda kurs direkt\u00f6rl\u00fc\u011f\u00fc \u00e7al\u0131\u015fmalar\u0131 yapm\u0131\u015f, e\u011fitmen yeti\u015ftirme kurslar\u0131nda asistanl\u0131k g\u00f6revinde bulunmu\u015ftur. 2006 y\u0131l\u0131nda TSSF-\u0130LSE (Uluslararas\u0131 Cankurtarma Federasyonu)\u2019nun e\u011fitmeni olmu\u015ftur. Halen Alt\u0131n Cankurtaran E\u011fitmen olarak g\u00f6rev yapmaktad\u0131r. 2021 y\u0131l\u0131nda ILS\u2019de (D\u00fcnya Cankurtarma Federasyonu) D\u00fcnya Bo\u011fulmay\u0131 \u00f6nleme komisyonu ve spor komisyonunda g\u00f6rev yapm\u0131\u015ft\u0131r. TSSF Cankurtaran teknik kurulunda ba\u015fkan olarak g\u00f6rev yapmaktad\u0131r.<\/p>\n<p>E\u011fitmen e\u011fitmenidir sekt\u00f6r de bir \u00e7ok e\u011fitmeni yeti\u015ftirmi\u015ftir. Faal olarak devam e\u011fitmenli\u011fe devam etmektedir.<\/p>\n<p>\u0130SA ALEMDAR \u2013<\/p>\n<p>AHMET G\u00dcL \u2013<\/p>\n\n\n<p><\/p>\n","protected":false},"excerpt":{"rendered":"<p>Merkezimizde g\u00f6rev hali haz\u0131rda g\u00f6rev yapan Cankurtaran e\u011fitmenleri ve \u00f6z ge\u00e7mi\u015fleri ADNAN B\u00dcY\u00dcK \u2013 Alt\u0131n Cankurtaran e\u011fitmen Akdeniz Cankurtarma Merkezi Kurucus 1963 y\u0131l\u0131nda \u0130stanbul\u2019da do\u011fan Adnan B\u00fcy\u00fck, Anadolu \u00dcniversitesi \u0130\u015fletme B\u00f6l\u00fcm\u00fc\u2019nden mezun oldu. 1982 y\u0131l\u0131nda \u0130stanbul T\u00fcrkiye Bal\u0131kadamlar Kul\u00fcb\u00fc\u2019nde t\u00fcpl\u00fc dal\u0131\u015fa ba\u015flayan B\u00fcy\u00fck, 1985 y\u0131l\u0131na kadar TBK\u2019da e\u011fitim g\u00f6rd\u00fckten sonra \u00dc\u00e7 Y\u0131ld\u0131z Dal\u0131c\u0131 oldu. 1987\u2019de [&hellip;]<\/p>\n","protected":false},"author":1,"featured_media":70,"parent":0,"menu_order":0,"comment_status":"closed","ping_status":"closed","template":"","meta":{"footnotes":""},"class_list":["post-80","page","type-page","status-publish","has-post-thumbnail","hentry"],"_links":{"self":[{"href":"https:\/\/www.akdenizcankurtarma.org\/index.php?rest_route=\/wp\/v2\/pages\/80","targetHints":{"allow":["GET"]}}],"collection":[{"href":"https:\/\/www.akdenizcankurtarma.org\/index.php?rest_route=\/wp\/v2\/pages"}],"about":[{"href":"https:\/\/www.akdenizcankurtarma.org\/index.php?rest_route=\/wp\/v2\/types\/page"}],"author":[{"embeddable":true,"href":"https:\/\/www.akdenizcankurtarma.org\/index.php?rest_route=\/wp\/v2\/users\/1"}],"replies":[{"embeddable":true,"href":"https:\/\/www.akdenizcankurtarma.org\/index.php?rest_route=%2Fwp%2Fv2%2Fcomments&post=80"}],"version-history":[{"count":3,"href":"https:\/\/www.akdenizcankurtarma.org\/index.php?rest_route=\/wp\/v2\/pages\/80\/revisions"}],"predecessor-version":[{"id":144,"href":"https:\/\/www.akdenizcankurtarma.org\/index.php?rest_route=\/wp\/v2\/pages\/80\/revisions\/144"}],"wp:featuredmedia":[{"embeddable":true,"href":"https:\/\/www.akdenizcankurtarma.org\/index.php?rest_route=\/wp\/v2\/media\/70"}],"wp:attachment":[{"href":"https:\/\/www.akdenizcankurtarma.org\/index.php?rest_route=%2Fwp%2Fv2%2Fmedia&parent=80"}],"curies":[{"name":"wp","href":"https:\/\/api.w.org\/{rel}","templated":true}]}}